{"id":6,"date":"2017-08-03T15:29:18","date_gmt":"2017-08-03T13:29:18","guid":{"rendered":"http:\/\/www.empathyinleadership.com\/?page_id=6"},"modified":"2019-05-31T10:46:34","modified_gmt":"2019-05-31T08:46:34","slug":"ablauf","status":"publish","type":"page","link":"https:\/\/www.empathyinleadership.com\/en\/ablauf\/","title":{"rendered":"Duration"},"content":{"rendered":"<h2 lang=\"en-GB\">Course of the Workshops<\/h2>\n<p><strong><br \/>Experience multidimensional Imagery by touching<\/strong><\/p>\n<ul>\n<li>perception of various relief pictures using the sense of touch only<\/li>\n<li>description of relief pictures by the attendees<\/li>\n<li>identification of pictures only by using the tactile sense<\/li>\n<\/ul>\n<p><strong>Blindfolded creation of a relief picture<\/strong><\/p>\n<ul>\n<li>first attendees get blindfolded outside the seminar room and are guided to their places, which simulates being dependent on other people<\/li>\n<li>then the prepared materials and the creation process will be explained<\/li>\n<li>now every attendee is free to create a picture as she or he likes<\/li>\n<li>finally the blindfolds are removed and the attendees compare their imagination of the picture with the real created pictures<\/li>\n<\/ul>\n<p><strong>Creation of another relief picture with eyes not blindfolded<\/strong><br \/>\n[Duration of the workshops is assumed to be about 4 to 5 hours]<\/p>\n","protected":false},"excerpt":{"rendered":"<p> <a class=\"continue-reading-link\" href=\"https:\/\/www.empathyinleadership.com\/en\/ablauf\/\"><span><\/span><i class=\"crycon-right-dir\"><\/i><\/a> <\/p>\n","protected":false},"author":1,"featured_media":0,"parent":0,"menu_order":0,"comment_status":"closed","ping_status":"closed","template":"","meta":{"footnotes":""},"class_list":["post-6","page","type-page","status-publish","hentry"],"translation":{"provider":"WPGlobus","version":"3.0.0","language":"en","enabled_languages":["de","en"],"languages":{"de":{"title":true,"content":true,"excerpt":false},"en":{"title":true,"content":true,"excerpt":false}}},"yoast_head":"<!-- This site is optimized with the Yoast SEO plugin v26.1.1 - https:\/\/yoast.com\/wordpress\/plugins\/seo\/ -->\n<title>Duration - Emphatie f\u00fcr F\u00fchrungskr\u00e4fte<\/title>\n<meta name=\"robots\" content=\"index, follow, max-snippet:-1, max-image-preview:large, max-video-preview:-1\" \/>\n<link rel=\"canonical\" href=\"https:\/\/www.empathyinleadership.com\/ablauf\/\" \/>\n<meta property=\"og:locale\" content=\"en_US\" \/>\n<meta property=\"og:type\" content=\"article\" \/>\n<meta property=\"og:title\" content=\"Duration - Emphatie f\u00fcr F\u00fchrungskr\u00e4fte\" \/>\n<meta property=\"og:url\" content=\"https:\/\/www.empathyinleadership.com\/ablauf\/\" \/>\n<meta property=\"og:site_name\" content=\"Emphatie f\u00fcr F\u00fchrungskr\u00e4fte\" \/>\n<meta property=\"article:modified_time\" content=\"2019-05-31T08:46:34+00:00\" \/>\n<meta name=\"twitter:card\" content=\"summary_large_image\" \/>\n<meta name=\"twitter:label1\" content=\"Est. reading time\" \/>\n\t<meta name=\"twitter:data1\" content=\"1 minute\" \/>\n<script type=\"application\/ld+json\" class=\"yoast-schema-graph\">{\"@context\":\"https:\/\/schema.org\",\"@graph\":[{\"@type\":\"WebPage\",\"@id\":\"https:\/\/www.empathyinleadership.com\/ablauf\/\",\"url\":\"https:\/\/www.empathyinleadership.com\/ablauf\/\",\"name\":\"Duration - Emphatie f\u00fcr F\u00fchrungskr\u00e4fte\",\"isPartOf\":{\"@id\":\"https:\/\/www.empathyinleadership.com\/#website\"},\"datePublished\":\"2017-08-03T13:29:18+00:00\",\"dateModified\":\"2019-05-31T08:46:34+00:00\",\"breadcrumb\":{\"@id\":\"https:\/\/www.empathyinleadership.com\/ablauf\/#breadcrumb\"},\"inLanguage\":\"en-US\",\"potentialAction\":[{\"@type\":\"ReadAction\",\"target\":[\"https:\/\/www.empathyinleadership.com\/ablauf\/\"]}]},{\"@type\":\"BreadcrumbList\",\"@id\":\"https:\/\/www.empathyinleadership.com\/ablauf\/#breadcrumb\",\"itemListElement\":[{\"@type\":\"ListItem\",\"position\":1,\"name\":\"Startseite\",\"item\":\"https:\/\/www.empathyinleadership.com\/\"},{\"@type\":\"ListItem\",\"position\":2,\"name\":\"Ablauf\"}]},{\"@type\":\"WebSite\",\"@id\":\"https:\/\/www.empathyinleadership.com\/#website\",\"url\":\"https:\/\/www.empathyinleadership.com\/\",\"name\":\"Emphatie f\u00fcr F\u00fchrungskr\u00e4fte\",\"description\":\"Ein Workshop mit Horst W. M\u00fcller\",\"potentialAction\":[{\"@type\":\"SearchAction\",\"target\":{\"@type\":\"EntryPoint\",\"urlTemplate\":\"https:\/\/www.empathyinleadership.com\/?s={search_term_string}\"},\"query-input\":{\"@type\":\"PropertyValueSpecification\",\"valueRequired\":true,\"valueName\":\"search_term_string\"}}],\"inLanguage\":\"en-US\"}]}<\/script>\n<!-- \/ Yoast SEO plugin. -->","yoast_head_json":{"title":"Duration - Emphatie f\u00fcr F\u00fchrungskr\u00e4fte","robots":{"index":"index","follow":"follow","max-snippet":"max-snippet:-1","max-image-preview":"max-image-preview:large","max-video-preview":"max-video-preview:-1"},"canonical":"https:\/\/www.empathyinleadership.com\/ablauf\/","og_locale":"en_US","og_type":"article","og_title":"Duration - Emphatie f\u00fcr F\u00fchrungskr\u00e4fte","og_url":"https:\/\/www.empathyinleadership.com\/ablauf\/","og_site_name":"Emphatie f\u00fcr F\u00fchrungskr\u00e4fte","article_modified_time":"2019-05-31T08:46:34+00:00","twitter_card":"summary_large_image","twitter_misc":{"Est. reading time":"1 minute"},"schema":{"@context":"https:\/\/schema.org","@graph":[{"@type":"WebPage","@id":"https:\/\/www.empathyinleadership.com\/ablauf\/","url":"https:\/\/www.empathyinleadership.com\/ablauf\/","name":"Duration - Emphatie f\u00fcr F\u00fchrungskr\u00e4fte","isPartOf":{"@id":"https:\/\/www.empathyinleadership.com\/#website"},"datePublished":"2017-08-03T13:29:18+00:00","dateModified":"2019-05-31T08:46:34+00:00","breadcrumb":{"@id":"https:\/\/www.empathyinleadership.com\/ablauf\/#breadcrumb"},"inLanguage":"en-US","potentialAction":[{"@type":"ReadAction","target":["https:\/\/www.empathyinleadership.com\/ablauf\/"]}]},{"@type":"BreadcrumbList","@id":"https:\/\/www.empathyinleadership.com\/ablauf\/#breadcrumb","itemListElement":[{"@type":"ListItem","position":1,"name":"Startseite","item":"https:\/\/www.empathyinleadership.com\/"},{"@type":"ListItem","position":2,"name":"Ablauf"}]},{"@type":"WebSite","@id":"https:\/\/www.empathyinleadership.com\/#website","url":"https:\/\/www.empathyinleadership.com\/","name":"Emphatie f\u00fcr F\u00fchrungskr\u00e4fte","description":"Ein Workshop mit Horst W. M\u00fcller","potentialAction":[{"@type":"SearchAction","target":{"@type":"EntryPoint","urlTemplate":"https:\/\/www.empathyinleadership.com\/?s={search_term_string}"},"query-input":{"@type":"PropertyValueSpecification","valueRequired":true,"valueName":"search_term_string"}}],"inLanguage":"en-US"}]}},"_links":{"self":[{"href":"https:\/\/www.empathyinleadership.com\/en\/wp-json\/wp\/v2\/pages\/6","targetHints":{"allow":["GET"]}}],"collection":[{"href":"https:\/\/www.empathyinleadership.com\/en\/wp-json\/wp\/v2\/pages"}],"about":[{"href":"https:\/\/www.empathyinleadership.com\/en\/wp-json\/wp\/v2\/types\/page"}],"author":[{"embeddable":true,"href":"https:\/\/www.empathyinleadership.com\/en\/wp-json\/wp\/v2\/users\/1"}],"replies":[{"embeddable":true,"href":"https:\/\/www.empathyinleadership.com\/en\/wp-json\/wp\/v2\/comments?post=6"}],"version-history":[{"count":33,"href":"https:\/\/www.empathyinleadership.com\/en\/wp-json\/wp\/v2\/pages\/6\/revisions"}],"predecessor-version":[{"id":293,"href":"https:\/\/www.empathyinleadership.com\/en\/wp-json\/wp\/v2\/pages\/6\/revisions\/293"}],"wp:attachment":[{"href":"https:\/\/www.empathyinleadership.com\/en\/wp-json\/wp\/v2\/media?parent=6"}],"curies":[{"name":"wp","href":"https:\/\/api.w.org\/{rel}","templated":true}]}}