{"id":4,"date":"2017-08-03T15:28:57","date_gmt":"2017-08-03T13:28:57","guid":{"rendered":"http:\/\/www.empathyinleadership.com\/?page_id=4"},"modified":"2019-10-02T16:48:03","modified_gmt":"2019-10-02T14:48:03","slug":"horst-w-mueller","status":"publish","type":"page","link":"https:\/\/www.empathyinleadership.com\/en\/horst-w-mueller\/","title":{"rendered":"Horst W. Mueller"},"content":{"rendered":"<h2>Horst W. Mueller<\/h2>\n<p><\/p>\n<ul>\n<li>born 1941 in Bremen, Germany<\/li>\n<li>after apprenticeship and service in the German army, academic studies of process, industrial and management engineering<\/li>\n<li>acting for various German corporate groups as an executive in Germany, Turkey, Italy, Iraq, and Nigeria<\/li>\n<li>marketing of small food production assets in Russia and Ukraine on his direct responsibility<\/li>\n<li>since 1980 self-employment in the construction sector in the USA<\/li>\n<li>since 2000 executive management of a grinding shop for tools in the USA<\/li>\n<li>since 2007 conducting workshops for people with and without disabilities<\/li>\n<li>since 2015 conducting workshops for leaders of companies and universities<\/li>\n<\/ul>\n<p>&nbsp;<br \/>\n<img loading=\"lazy\" decoding=\"async\" class=\"alignnone size-full wp-image-93\" src=\"http:\/\/www.empathyinleadership.com\/wp-content\/uploads\/2017\/08\/header-images-x.jpg\" alt=\"\" width=\"972\" height=\"250\" srcset=\"https:\/\/www.empathyinleadership.com\/wp-content\/uploads\/2017\/08\/header-images-x.jpg 972w, https:\/\/www.empathyinleadership.com\/wp-content\/uploads\/2017\/08\/header-images-x-300x77.jpg 300w, https:\/\/www.empathyinleadership.com\/wp-content\/uploads\/2017\/08\/header-images-x-768x198.jpg 768w, https:\/\/www.empathyinleadership.com\/wp-content\/uploads\/2017\/08\/header-images-x-250x64.jpg 250w, https:\/\/www.empathyinleadership.com\/wp-content\/uploads\/2017\/08\/header-images-x-150x39.jpg 150w\" sizes=\"auto, (max-width: 972px) 100vw, 972px\" \/><\/p>\n","protected":false},"excerpt":{"rendered":"<p> <a class=\"continue-reading-link\" href=\"https:\/\/www.empathyinleadership.com\/en\/horst-w-mueller\/\"><span><\/span><i class=\"crycon-right-dir\"><\/i><\/a> <\/p>\n","protected":false},"author":1,"featured_media":0,"parent":0,"menu_order":0,"comment_status":"closed","ping_status":"closed","template":"","meta":{"footnotes":""},"class_list":["post-4","page","type-page","status-publish","hentry"],"translation":{"provider":"WPGlobus","version":"3.0.0","language":"en","enabled_languages":["de","en"],"languages":{"de":{"title":true,"content":true,"excerpt":false},"en":{"title":true,"content":true,"excerpt":false}}},"yoast_head":"<!-- This site is optimized with the Yoast SEO plugin v26.1.1 - https:\/\/yoast.com\/wordpress\/plugins\/seo\/ -->\n<title>Horst W. Mueller - Emphatie f\u00fcr F\u00fchrungskr\u00e4fte<\/title>\n<meta name=\"robots\" content=\"index, follow, max-snippet:-1, max-image-preview:large, max-video-preview:-1\" \/>\n<link rel=\"canonical\" href=\"https:\/\/www.empathyinleadership.com\/horst-w-mueller\/\" \/>\n<meta property=\"og:locale\" content=\"en_US\" \/>\n<meta property=\"og:type\" content=\"article\" \/>\n<meta property=\"og:title\" content=\"Horst W. Mueller - Emphatie f\u00fcr F\u00fchrungskr\u00e4fte\" \/>\n<meta property=\"og:url\" content=\"https:\/\/www.empathyinleadership.com\/horst-w-mueller\/\" \/>\n<meta property=\"og:site_name\" content=\"Emphatie f\u00fcr F\u00fchrungskr\u00e4fte\" \/>\n<meta property=\"article:modified_time\" content=\"2019-10-02T14:48:03+00:00\" \/>\n<meta property=\"og:image\" content=\"http:\/\/www.empathyinleadership.com\/wp-content\/uploads\/2017\/08\/header-images-x.jpg\" \/>\n<meta name=\"twitter:card\" content=\"summary_large_image\" \/>\n<meta name=\"twitter:label1\" content=\"Est. reading time\" \/>\n\t<meta name=\"twitter:data1\" content=\"1 minute\" \/>\n<script type=\"application\/ld+json\" class=\"yoast-schema-graph\">{\"@context\":\"https:\/\/schema.org\",\"@graph\":[{\"@type\":\"WebPage\",\"@id\":\"https:\/\/www.empathyinleadership.com\/horst-w-mueller\/\",\"url\":\"https:\/\/www.empathyinleadership.com\/horst-w-mueller\/\",\"name\":\"Horst W. Mueller - Emphatie f\u00fcr F\u00fchrungskr\u00e4fte\",\"isPartOf\":{\"@id\":\"https:\/\/www.empathyinleadership.com\/#website\"},\"primaryImageOfPage\":{\"@id\":\"https:\/\/www.empathyinleadership.com\/horst-w-mueller\/#primaryimage\"},\"image\":{\"@id\":\"https:\/\/www.empathyinleadership.com\/horst-w-mueller\/#primaryimage\"},\"thumbnailUrl\":\"http:\/\/www.empathyinleadership.com\/wp-content\/uploads\/2017\/08\/header-images-x.jpg\",\"datePublished\":\"2017-08-03T13:28:57+00:00\",\"dateModified\":\"2019-10-02T14:48:03+00:00\",\"breadcrumb\":{\"@id\":\"https:\/\/www.empathyinleadership.com\/horst-w-mueller\/#breadcrumb\"},\"inLanguage\":\"en-US\",\"potentialAction\":[{\"@type\":\"ReadAction\",\"target\":[\"https:\/\/www.empathyinleadership.com\/horst-w-mueller\/\"]}]},{\"@type\":\"ImageObject\",\"inLanguage\":\"en-US\",\"@id\":\"https:\/\/www.empathyinleadership.com\/horst-w-mueller\/#primaryimage\",\"url\":\"http:\/\/www.empathyinleadership.com\/wp-content\/uploads\/2017\/08\/header-images-x.jpg\",\"contentUrl\":\"http:\/\/www.empathyinleadership.com\/wp-content\/uploads\/2017\/08\/header-images-x.jpg\"},{\"@type\":\"BreadcrumbList\",\"@id\":\"https:\/\/www.empathyinleadership.com\/horst-w-mueller\/#breadcrumb\",\"itemListElement\":[{\"@type\":\"ListItem\",\"position\":1,\"name\":\"Startseite\",\"item\":\"https:\/\/www.empathyinleadership.com\/\"},{\"@type\":\"ListItem\",\"position\":2,\"name\":\"Horst W. M\u00fcller\"}]},{\"@type\":\"WebSite\",\"@id\":\"https:\/\/www.empathyinleadership.com\/#website\",\"url\":\"https:\/\/www.empathyinleadership.com\/\",\"name\":\"Emphatie f\u00fcr F\u00fchrungskr\u00e4fte\",\"description\":\"Ein Workshop mit Horst W. M\u00fcller\",\"potentialAction\":[{\"@type\":\"SearchAction\",\"target\":{\"@type\":\"EntryPoint\",\"urlTemplate\":\"https:\/\/www.empathyinleadership.com\/?s={search_term_string}\"},\"query-input\":{\"@type\":\"PropertyValueSpecification\",\"valueRequired\":true,\"valueName\":\"search_term_string\"}}],\"inLanguage\":\"en-US\"}]}<\/script>\n<!-- \/ Yoast SEO plugin. -->","yoast_head_json":{"title":"Horst W. Mueller - Emphatie f\u00fcr F\u00fchrungskr\u00e4fte","robots":{"index":"index","follow":"follow","max-snippet":"max-snippet:-1","max-image-preview":"max-image-preview:large","max-video-preview":"max-video-preview:-1"},"canonical":"https:\/\/www.empathyinleadership.com\/horst-w-mueller\/","og_locale":"en_US","og_type":"article","og_title":"Horst W. Mueller - Emphatie f\u00fcr F\u00fchrungskr\u00e4fte","og_url":"https:\/\/www.empathyinleadership.com\/horst-w-mueller\/","og_site_name":"Emphatie f\u00fcr F\u00fchrungskr\u00e4fte","article_modified_time":"2019-10-02T14:48:03+00:00","og_image":[{"url":"http:\/\/www.empathyinleadership.com\/wp-content\/uploads\/2017\/08\/header-images-x.jpg","type":"","width":"","height":""}],"twitter_card":"summary_large_image","twitter_misc":{"Est. reading time":"1 minute"},"schema":{"@context":"https:\/\/schema.org","@graph":[{"@type":"WebPage","@id":"https:\/\/www.empathyinleadership.com\/horst-w-mueller\/","url":"https:\/\/www.empathyinleadership.com\/horst-w-mueller\/","name":"Horst W. Mueller - Emphatie f\u00fcr F\u00fchrungskr\u00e4fte","isPartOf":{"@id":"https:\/\/www.empathyinleadership.com\/#website"},"primaryImageOfPage":{"@id":"https:\/\/www.empathyinleadership.com\/horst-w-mueller\/#primaryimage"},"image":{"@id":"https:\/\/www.empathyinleadership.com\/horst-w-mueller\/#primaryimage"},"thumbnailUrl":"http:\/\/www.empathyinleadership.com\/wp-content\/uploads\/2017\/08\/header-images-x.jpg","datePublished":"2017-08-03T13:28:57+00:00","dateModified":"2019-10-02T14:48:03+00:00","breadcrumb":{"@id":"https:\/\/www.empathyinleadership.com\/horst-w-mueller\/#breadcrumb"},"inLanguage":"en-US","potentialAction":[{"@type":"ReadAction","target":["https:\/\/www.empathyinleadership.com\/horst-w-mueller\/"]}]},{"@type":"ImageObject","inLanguage":"en-US","@id":"https:\/\/www.empathyinleadership.com\/horst-w-mueller\/#primaryimage","url":"http:\/\/www.empathyinleadership.com\/wp-content\/uploads\/2017\/08\/header-images-x.jpg","contentUrl":"http:\/\/www.empathyinleadership.com\/wp-content\/uploads\/2017\/08\/header-images-x.jpg"},{"@type":"BreadcrumbList","@id":"https:\/\/www.empathyinleadership.com\/horst-w-mueller\/#breadcrumb","itemListElement":[{"@type":"ListItem","position":1,"name":"Startseite","item":"https:\/\/www.empathyinleadership.com\/"},{"@type":"ListItem","position":2,"name":"Horst W. M\u00fcller"}]},{"@type":"WebSite","@id":"https:\/\/www.empathyinleadership.com\/#website","url":"https:\/\/www.empathyinleadership.com\/","name":"Emphatie f\u00fcr F\u00fchrungskr\u00e4fte","description":"Ein Workshop mit Horst W. M\u00fcller","potentialAction":[{"@type":"SearchAction","target":{"@type":"EntryPoint","urlTemplate":"https:\/\/www.empathyinleadership.com\/?s={search_term_string}"},"query-input":{"@type":"PropertyValueSpecification","valueRequired":true,"valueName":"search_term_string"}}],"inLanguage":"en-US"}]}},"_links":{"self":[{"href":"https:\/\/www.empathyinleadership.com\/en\/wp-json\/wp\/v2\/pages\/4","targetHints":{"allow":["GET"]}}],"collection":[{"href":"https:\/\/www.empathyinleadership.com\/en\/wp-json\/wp\/v2\/pages"}],"about":[{"href":"https:\/\/www.empathyinleadership.com\/en\/wp-json\/wp\/v2\/types\/page"}],"author":[{"embeddable":true,"href":"https:\/\/www.empathyinleadership.com\/en\/wp-json\/wp\/v2\/users\/1"}],"replies":[{"embeddable":true,"href":"https:\/\/www.empathyinleadership.com\/en\/wp-json\/wp\/v2\/comments?post=4"}],"version-history":[{"count":26,"href":"https:\/\/www.empathyinleadership.com\/en\/wp-json\/wp\/v2\/pages\/4\/revisions"}],"predecessor-version":[{"id":311,"href":"https:\/\/www.empathyinleadership.com\/en\/wp-json\/wp\/v2\/pages\/4\/revisions\/311"}],"wp:attachment":[{"href":"https:\/\/www.empathyinleadership.com\/en\/wp-json\/wp\/v2\/media?parent=4"}],"curies":[{"name":"wp","href":"https:\/\/api.w.org\/{rel}","templated":true}]}}